{"id":13251,"date":"2024-01-30T11:45:06","date_gmt":"2024-01-30T16:45:06","guid":{"rendered":"https:\/\/arriv.machinedev.ca\/?page_id=13251"},"modified":"2024-02-27T13:31:57","modified_gmt":"2024-02-27T18:31:57","slug":"protection-de-la-vie-privee","status":"publish","type":"page","link":"https:\/\/arriv.machinedev.ca\/fr\/protection-de-la-vie-privee\/","title":{"rendered":"Protection de la vie priv\u00e9e"},"content":{"rendered":"\n<section class=\"section section--text-block alignfull\" >\n  <div class=\"grid-container\">\n    <div class=\"grid-x grid-padding-x align-middle \">\n      <div class=\"cell text-left\">\n                              <h2>Collecte et protection des renseignements personnels<\/h2>\n                                            <div >\n            <p>La collecte, l\u2019utilisation, la divulgation et la conservation de renseignements sur www.arriv.ca respectent les dispositions de la <em>Loi sur la protection des renseignements personnels et les documents \u00e9lectroniques<\/em>\u00a0et de la\u00a0<em>Loi sur l\u2019acc\u00e8s \u00e0 l\u2019information municipale et la protection de la vie priv\u00e9e<\/em>. L\u2019acc\u00e8s aux renseignements personnels est limit\u00e9 aux employ\u00e9s qui ont besoin d\u2019un acc\u00e8s en vue d\u2019accomplir les t\u00e2ches qui leur sont assign\u00e9es. Les renseignements personnels recueillis par LCO\/Propri\u00e9t\u00e9s ARRIV sont utilis\u00e9s afin d\u2019atteindre l\u2019objectif dans le cadre duquel ils ont \u00e9t\u00e9 recueillis \u00e0 l\u2019origine ou \u00e0 des fins qui sont compatibles avec cet objectif.<\/p>\n<p>LCO\/Propri\u00e9t\u00e9s ARRIV ne divulguera pas vos renseignements personnels, sauf si la loi l\u2019autorise ou l\u2019exige. Les renseignements sont seulement conserv\u00e9s pendant la p\u00e9riode n\u00e9cessaire pour accomplir le ou les objectifs dans le cadre duquel ou desquels ils ont \u00e9t\u00e9 recueillis.<\/p>\n<p>Lorsque vous envoyez volontairement du courrier \u00e9lectronique \u00e0 LCO\/Propri\u00e9t\u00e9s ARRIV ou remplissez un formulaire \u00e9lectronique qui comprend des renseignements d\u2019identification \u00e0 votre sujet, LCO\/Propri\u00e9t\u00e9s ARRIV consigne ces renseignements afin qu\u2019il puisse vous r\u00e9pondre.<\/p>\n<p>Lorsque vous visitez le www.arriv.ca, le serveur Web de LCO\/Propri\u00e9t\u00e9s ARRIV recueille automatiquement une quantit\u00e9 limit\u00e9e de renseignements qui sont essentiels au fonctionnement et \u00e0 la s\u00e9curit\u00e9 du site Web de LCO\/Propri\u00e9t\u00e9s ARRIV. Certains de ces renseignements (p. ex., type de navigateur) ne permettent pas de vous identifier, tandis que d\u2019autres renseignements, comme le nom de votre domaine Internet ou votre adresse IP peut permettre votre identification. La mesure dans laquelle vous pouvez \u00eatre identifi\u00e9 d\u00e9pend, en grande partie, de votre fournisseur de service Internet.<\/p>\n<p>Certains sites Web pourraient distribuer de petits \u00e9l\u00e9ments d\u2019information (appel\u00e9s \u00ab\u00a0t\u00e9moins\u00a0\u00bb) aux navigateurs Web pour vous aider lorsque vous retournez dans des secteurs particuliers du site. Si vous avez des pr\u00e9occupations \u00e0 cet \u00e9gard, vous pouvez apporter des modifications \u00e0 votre navigateur Web afin que celui\u2011ci n\u2019accepte pas ces renseignements ou qu\u2019il affiche des messages d\u2019avertissement.<\/p>\n          <\/div>\n                      <\/div>\n    <\/div>\n  <\/div>\n<\/section>\n","protected":false},"excerpt":{"rendered":"","protected":false},"author":11,"featured_media":12436,"parent":0,"menu_order":13,"comment_status":"closed","ping_status":"closed","template":"","meta":{"_acf_changed":false,"footnotes":""},"class_list":["post-13251","page","type-page","status-publish","has-post-thumbnail","hentry"],"acf":[],"_links":{"self":[{"href":"https:\/\/arriv.machinedev.ca\/fr\/wp-json\/wp\/v2\/pages\/13251","targetHints":{"allow":["GET"]}}],"collection":[{"href":"https:\/\/arriv.machinedev.ca\/fr\/wp-json\/wp\/v2\/pages"}],"about":[{"href":"https:\/\/arriv.machinedev.ca\/fr\/wp-json\/wp\/v2\/types\/page"}],"author":[{"embeddable":true,"href":"https:\/\/arriv.machinedev.ca\/fr\/wp-json\/wp\/v2\/users\/11"}],"replies":[{"embeddable":true,"href":"https:\/\/arriv.machinedev.ca\/fr\/wp-json\/wp\/v2\/comments?post=13251"}],"version-history":[{"count":1,"href":"https:\/\/arriv.machinedev.ca\/fr\/wp-json\/wp\/v2\/pages\/13251\/revisions"}],"predecessor-version":[{"id":13253,"href":"https:\/\/arriv.machinedev.ca\/fr\/wp-json\/wp\/v2\/pages\/13251\/revisions\/13253"}],"wp:featuredmedia":[{"embeddable":true,"href":"https:\/\/arriv.machinedev.ca\/fr\/wp-json\/wp\/v2\/media\/12436"}],"wp:attachment":[{"href":"https:\/\/arriv.machinedev.ca\/fr\/wp-json\/wp\/v2\/media?parent=13251"}],"curies":[{"name":"wp","href":"https:\/\/api.w.org\/{rel}","templated":true}]}}