{"id":13227,"date":"2024-01-30T11:42:17","date_gmt":"2024-01-30T16:42:17","guid":{"rendered":"https:\/\/arriv.machinedev.ca\/?page_id=13227"},"modified":"2024-02-27T13:28:43","modified_gmt":"2024-02-27T18:28:43","slug":"avis-de-non-responsabilite","status":"publish","type":"page","link":"https:\/\/arriv.machinedev.ca\/fr\/avis-de-non-responsabilite\/","title":{"rendered":"Avis de non-responsabilit\u00e9"},"content":{"rendered":"\n<section class=\"section section--case-studies alignfull\" >\n  <div class=\"grid-container\">\n    <div class=\"grid-x grid-padding-x\">\n      <div class=\"cell case-studies-title\">\n                      <\/div>\n      <div class=\"cell medium-4\">\n                    <ul class=\"case-studies-nav\">\n                            <li><a href=\"#conditions-dutilisation-des-medias-sociaux\" class=\"is-active\">CONDITIONS D\u2019UTILISATION DES M\u00c9DIAS SOCIAUX<\/a><\/li>\n                              <li><a href=\"#site-internet\" >SITE INTERNET<\/a><\/li>\n                              <li><a href=\"#google-analytics\" >GOOGLE ANALYTICS<\/a><\/li>\n                              <li><a href=\"#portail-arriv-chez-moi\" >PORTAIL ARRIV CHEZ-MOI<\/a><\/li>\n                          <\/ul>\n                  <\/div>\n      <div class=\"cell medium-8\">\n                    <div class=\"case-studies-wrapper\">\n                            <div class=\"case-study-single is-active\" data-case-study=\"conditions-dutilisation-des-medias-sociaux\">\n                  <h3>CONDITIONS D\u2019UTILISATION DES M\u00c9DIAS SOCIAUX<\/h3>\n                                    <h4>Comptes de m\u00e9dias sociaux<\/h4>\n<p>Twitter : <a href=\"https:\/\/twitter.com\/ARRIVProperties\" target=\"_blank\" rel=\"noopener\">\/ARRIVProperties<\/a><\/p>\n<p>YouTube : <a href=\"https:\/\/www.youtube.com\/channel\/UCA4SiejmxFAxOuA6cE5XExA\" target=\"_blank\" rel=\"noopener\">Propri\u00e9t\u00e9s ARRIV Properties<\/a><\/p>\n<p>Facebook : <a href=\"https:\/\/www.facebook.com\/ARRIVProperties\" target=\"_blank\" rel=\"noopener\">\/ARRIVProperties<\/a><\/p>\n<p>Instagram : <a href=\"https:\/\/www.instagram.com\/ProprietesARRIVProperties\/\" target=\"_blank\" rel=\"noopener\">\/ProprietesARRIVProperties<\/a><\/p>\n<h4>Objet<\/h4>\n<p>LCO\/Propri\u00e9t\u00e9s ARRIV utilise les m\u00e9dias sociaux comme une extension de ses communications traditionnelles. Les personnes ou les organisations qui suivent LCO\/Propri\u00e9t\u00e9s ARRIV sur les m\u00e9dias sociaux peuvent s\u2019attendre \u00e0 voir, entre autres, les types de contenu suivants : nouvelles et produits multim\u00e9dias portant sur LCO\/Propri\u00e9t\u00e9s ARRIV; initiatives et programmes municipaux; avis pouvant avoir des r\u00e9percussions sur les locataires de LCO\/Propri\u00e9t\u00e9s ARRIV.<\/p>\n<h4><strong>Interaction<\/strong><\/h4>\n<p>Afin de prot\u00e9ger votre vie priv\u00e9e et celle des autres, n\u2019incluez pas des renseignements personnels, ce qui comprend les noms, les adresses, les num\u00e9ros de t\u00e9l\u00e9phone et les adresses \u00e9lectroniques, dans vos commentaires ou vos r\u00e9ponses.<\/p>\n<p>Malheureusement, LCO\/Propri\u00e9t\u00e9s ARRIV ne peut pas r\u00e9pondre \u00e0 tous les messages qu\u2019il re\u00e7oit par ses m\u00e9dias sociaux. Nous vous invitons \u00e0 communiquer avec le Centre d\u2019appels de LCO\/Propri\u00e9t\u00e9s ARRIV, qui est ouvert en tout temps, en composant le\u00a0613-415-7865.<\/p>\n<p>Afin d\u2019assurer une communication continue et respectueuse, les comportements suivants seront jug\u00e9s inacceptables, et les messages correspondants seront supprim\u00e9s sans pr\u00e9avis, le cas \u00e9ch\u00e9ant. Les comportements suivants ne seront pas tol\u00e9r\u00e9s\u00a0:<\/p>\n<ul>\n<li>Langage offensant, blasph\u00e9matoire, haineux, injurieux, agressif, pornographique, accusations graves ou sans fondement, propos diffamatoire ou discriminatoire de quelque nature qui soit<\/li>\n<li>Promotion, incitation ou perp\u00e9tuation de comportements discriminatoires fond\u00e9s sur la race, l\u2019\u00e2ge, le sexe, la croyance, l\u2019\u00e9tat matrimonial, le statut socio-\u00e9conomique, la d\u00e9ficience physique ou mentale, ou l\u2019orientation sexuelle<\/li>\n<li>Incitation \u00e0 une activit\u00e9 ill\u00e9gale<\/li>\n<li>Usurpation d\u2019identit\u00e9 ou fausse d\u00e9claration<\/li>\n<li>Accusations graves ou sans fondement<\/li>\n<li>Envoi de pourriels<\/li>\n<\/ul>\n<h4>Suivis et mentions \u00ab J\u2019aime \u00bb<\/h4>\n<p>LCO\/Propri\u00e9t\u00e9s ARRIV peut suivre et aimer des comptes de m\u00e9dias sociaux de ses partenaires, des intervenants ou d\u2019autres sources pertinentes. Veuillez noter que le fait qu\u2019un compte de m\u00e9dias sociaux soit suivi ou aim\u00e9 par LCO\/Propri\u00e9t\u00e9s ARRIV ne correspond pas \u00e0 un cautionnement de quelque nature que ce soit.<\/p>\n<h4>Disponibilit\u00e9<\/h4>\n<p>LCO\/Propri\u00e9t\u00e9s ARRIV met \u00e0 jour et surveille ses comptes de m\u00e9dias sociaux durant les heures normales d\u2019ouverture. Les commentaires et les gazouillis d\u2019utilisateurs \u00e0 l\u2019ext\u00e9rieur de ces heures seront lus au d\u00e9but du prochain jour ouvrable. Les messages pourraient \u00eatre publi\u00e9s en dehors des heures normales de bureau dans des circonstances extraordinaires ou s\u2019ils sont programm\u00e9s par un logiciel de programmation.<\/p>\n<h4>Demandes de service et d\u2019entretien<\/h4>\n<p>Nous ne prenons pas les demandes de service d\u2019entretien via les m\u00e9dias sociaux ou les courriels. Pour toutes demandes de service d\u2019entretien, contactez le 613-415-7865.<\/p>\n<p>Composez le 9-1-1 imm\u00e9diatement si vous avez une urgence qui met votre vie en danger.<\/p>\n                                  <\/div>\n                              <div class=\"case-study-single \" data-case-study=\"site-internet\">\n                  <h3>SITE INTERNET<\/h3>\n                                    <p>Le contenu qui figure sur ce site Web est fourni \u00e0 titre d\u2019information seulement. Bien que tous les efforts n\u00e9cessaires soient d\u00e9ploy\u00e9s pour assurer l\u2019exactitude et la v\u00e9racit\u00e9 des renseignements se trouvant sur ce site Web, LCO\/Propri\u00e9t\u00e9s ARRIV d\u00e9cline toute responsabilit\u00e9 pour les dommages d\u00e9coulant de son utilisation. Bien que LCO\/Propri\u00e9t\u00e9s ARRIV se fonde sur des sources r\u00e9put\u00e9es, qu\u2019il croie que les renseignements qu\u2019il publie sur le site Web sont exacts et qu\u2019il tente de tenir \u00e0 jour les renseignements, LCO\/Propri\u00e9t\u00e9s ARRIV ne garantit pas l\u2019exactitude ou l\u2019exhaustivit\u00e9 des renseignements.<\/p>\n<p>LCO\/Propri\u00e9t\u00e9s ARRIV se r\u00e9serve le droit de mettre fin \u00e0 ce site ou de le modifier en tout temps, sans pr\u00e9avis. Les liens vers d\u2019autres sites Web ou les r\u00e9f\u00e9rences concernant d\u2019autres organisations, produits, services ou publications ne constituent pas un cautionnement ou une approbation de la part de LCO\/Propri\u00e9t\u00e9s ARRIV. LCO\/Propri\u00e9t\u00e9s ARRIV ne fait aucune repr\u00e9sentation de quelque type que ce soit en ce qui concerne tout autre site Web auquel vous pouvez acc\u00e9der \u00e0 partir de celui\u2011ci.<\/p>\n<p>LCO\/Propri\u00e9t\u00e9s ARRIV n\u2019est en aucun cas responsable de la pr\u00e9cision des traductions quand vous utilisez l\u2019outil de traduction Google<sup>TM<\/sup>. Google<sup>TM<\/sup>\u00a0traduction est un logiciel de traduction automatis\u00e9e d\u2019une tierce partie et il peut faire des erreurs qu\u2019un traducteur humain qualifi\u00e9 ne ferait pas.<\/p>\n<p>LCO\/Propri\u00e9t\u00e9s ARRIV ne pourra pas \u00eatre tenu responsable des dommages d\u00e9coulant, entre autres, de la transmission de renseignements confidentiels par Internet.<\/p>\n<p>LCO\/Propri\u00e9t\u00e9s ARRIV se r\u00e9serve le droit de r\u00e9viser, supprimer, modifier ou d\u2019examiner dans l\u2019ensemble ou en partie tout contenu envoy\u00e9 ou publi\u00e9 sur son site Web, et ce, \u00e0 sa seule discr\u00e9tion.<\/p>\n<p>Tous les renseignements contenus dans ce site sont prot\u00e9g\u00e9s par la Loi canadienne sur le droit d\u2019auteur. Nul ne peut, sans autorisation, copier, redistribuer, reproduire ou republier, sous quelque forme que ce soit, tout mat\u00e9riel fourni dans ce site Web.<\/p>\n                                  <\/div>\n                              <div class=\"case-study-single \" data-case-study=\"google-analytics\">\n                  <h3>GOOGLE ANALYTICS<\/h3>\n                                    <p>Ce site Web utilise Google Analytics, un service d\u2019analyse Web fourni par Google, Inc. (Google).<\/p>\n<p>Google Analytics utilise des t\u00e9moins, soit des fichiers texte install\u00e9s dans votre ordinateur pour permettre la collecte et l\u2019analyse de renseignements anonymes sur le type d\u2019utilisation du site\u00a0: www.intechsrl.com par vous (y compris votre adresse IP).<\/p>\n<p>Ces renseignements sont transmis \u00e0 Google, qui les traite afin de produire des rapports pour les op\u00e9rateurs de\u00a0<a href=\"http:\/\/www.intechsrl.com\/\">www.intechsrl.com<\/a>\u00a0concernant vos activit\u00e9s sur le site Web en question.<\/p>\n<p>Ce site n\u2019utilise pas (et ne permet pas \u00e0 un tiers d\u2019utiliser) l\u2019instrument analytique de Google pour consigner ou recueillir vos renseignements d\u2019identification.<\/p>\n<p>Google n\u2019associera pas votre adresse IP \u00e0 d\u2019autres donn\u00e9es d\u00e9tenues par Google et n\u2019essaiera pas de lier une adresse IP \u00e0 l\u2019identit\u00e9 de l\u2019utilisateur d\u2019un ordinateur.<\/p>\n<p>Google peut \u00e9galement transf\u00e9rer ces renseignements \u00e0 des tiers lorsque la loi l\u2019exige ou si ces tiers traitent les renseignements au nom de Google.<\/p>\n<p>Vous pouvez refuser les t\u00e9moins en param\u00e9trant votre navigateur en cons\u00e9quence, mais cela pourrait vous emp\u00eacher d\u2019utiliser toutes les fonctions de ce site Web.<\/p>\n<p>En utilisant le site www.och-lco.ca, vous acceptez que vos donn\u00e9es soient trait\u00e9es par Google de la mani\u00e8re et aux fins mentionn\u00e9es ci\u2011dessus.<\/p>\n                                  <\/div>\n                              <div class=\"case-study-single \" data-case-study=\"portail-arriv-chez-moi\">\n                  <h3>PORTAIL ARRIV CHEZ-MOI<\/h3>\n                                    <p><span data-contrast=\"none\">\u00ab ARRIV Chez Moi \u00bb <\/span><span data-ccp-props=\"{\">est un portail en ligne de LCO\/Propri\u00e9t\u00e9s ARRIV qui permet \u00e0 ses locataires d\u2019avoir acc\u00e8s virtuellement \u00e0 de l\u2019information et \u00e0 des services. Ce portail ne garantit pas cependant l\u2019obtention de ces services. L\u2019avis de non-responsabilit\u00e9 et l\u2019\u00e9nonc\u00e9 sur la protection de la vie priv\u00e9e trouv\u00e9s dans le site Web de LCO\/Propri\u00e9t\u00e9s ARRIV s\u2019appliquent au portail \u00ab ARRIV Chez Moi \u00bb.<\/span><\/p>\n<p><span data-ccp-props=\"{\">Lorsque les locataires visitent le libre-service \u00ab ARRIV Chez Moi \u00bb, ils y ont acc\u00e8s au moyen d\u2019un portail s\u00e9curis\u00e9 h\u00e9berg\u00e9 sur le site Web de LCO\/Propri\u00e9t\u00e9s ARRIV. Uniquement les locataires de LCO\/Propri\u00e9t\u00e9s ARRIV qui ont un bail peuvent avoir acc\u00e8s au portail; pour ce faire, ils doivent indiquer des renseignements sp\u00e9cifiques qui permettent de les identifier, y compris une adresse courriel valide et un mot de passe.<\/span><\/p>\n<p><span data-contrast=\"none\">LCO\/Propri\u00e9t\u00e9s ARRIV n\u2019a pas l\u2019intention d\u2019utiliser les renseignements fournis par les locataires dans le portail \u00ab ARRIV Chez Moi \u00bb pour d\u2019autres fins incompatibles avec celles pour lesquelles les renseignements ont \u00e9t\u00e9 initialement fournis. <\/span><span data-ccp-props=\"{\">\u00a0<\/span><\/p>\n                                  <\/div>\n                          <\/div>\n                  <\/div>\n    <\/div>\n  <\/div>\n<\/section>\n","protected":false},"excerpt":{"rendered":"","protected":false},"author":11,"featured_media":12436,"parent":0,"menu_order":8,"comment_status":"closed","ping_status":"closed","template":"","meta":{"_acf_changed":false,"footnotes":""},"class_list":["post-13227","page","type-page","status-publish","has-post-thumbnail","hentry"],"acf":[],"_links":{"self":[{"href":"https:\/\/arriv.machinedev.ca\/fr\/wp-json\/wp\/v2\/pages\/13227","targetHints":{"allow":["GET"]}}],"collection":[{"href":"https:\/\/arriv.machinedev.ca\/fr\/wp-json\/wp\/v2\/pages"}],"about":[{"href":"https:\/\/arriv.machinedev.ca\/fr\/wp-json\/wp\/v2\/types\/page"}],"author":[{"embeddable":true,"href":"https:\/\/arriv.machinedev.ca\/fr\/wp-json\/wp\/v2\/users\/11"}],"replies":[{"embeddable":true,"href":"https:\/\/arriv.machinedev.ca\/fr\/wp-json\/wp\/v2\/comments?post=13227"}],"version-history":[{"count":1,"href":"https:\/\/arriv.machinedev.ca\/fr\/wp-json\/wp\/v2\/pages\/13227\/revisions"}],"predecessor-version":[{"id":13229,"href":"https:\/\/arriv.machinedev.ca\/fr\/wp-json\/wp\/v2\/pages\/13227\/revisions\/13229"}],"wp:featuredmedia":[{"embeddable":true,"href":"https:\/\/arriv.machinedev.ca\/fr\/wp-json\/wp\/v2\/media\/12436"}],"wp:attachment":[{"href":"https:\/\/arriv.machinedev.ca\/fr\/wp-json\/wp\/v2\/media?parent=13227"}],"curies":[{"name":"wp","href":"https:\/\/api.w.org\/{rel}","templated":true}]}}