{"id":13216,"date":"2024-02-27T11:03:02","date_gmt":"2024-02-27T16:03:02","guid":{"rendered":"https:\/\/arriv.machinedev.ca\/?page_id=13216"},"modified":"2024-03-04T15:37:18","modified_gmt":"2024-03-04T20:37:18","slug":"planification-du-territoire","status":"publish","type":"page","link":"https:\/\/arriv.machinedev.ca\/fr\/developpement\/planification-du-territoire\/","title":{"rendered":"Planification du territoire"},"content":{"rendered":"\n<section class=\"section section--impact-area alignfull\" >\n  <div class=\"grid-container full fade-up-and-in\">\n    <div class=\"grid-x\">\n      <div class=\"cell medium-6\">\n                            <div class=\"impact-cell-inner image\">\n            <div class=\"impact-image\" style=\"background-image: url(https:\/\/arriv.machinedev.ca\/wp-content\/uploads\/2024\/03\/gladstone_village-1920x1080.jpg); background-position: center center; background-size: cover; background-repeat: no-repeat;\"><\/div>\n          <\/div>\n                        <\/div>\n      <div class=\"cell medium-6\">\n                  <div class=\"impact-cell-inner text\">\n                          <h1>Planification du territoire<\/h1>\n                                              <\/div>\n              <\/div>\n    <\/div>\n  <\/div>\n<\/section>\n\n\n\n<section class=\"section section--och-constructions alignfull\" >\n  <div class=\"grid-container\">\n    <div class=\"grid-x grid-padding-x align-middle\">\n      <div class=\"cell medium-10\">\n                          <p>LCO\/ARRIV construit actuellement ou planifie activement la construction de centaines de nouveaux logements abordables \u00e0 Ottawa. Lorsqu&rsquo;une communaut\u00e9 est sous \u00ab\u00a0planification du territoire\u00a0\u00bb, il s&rsquo;agit d&rsquo;une parcelle de terrain appartenant \u00e0 LCO\/ARRIV et pr\u00eate \u00e0 \u00eatre am\u00e9nag\u00e9e.<\/p>\n              <\/div>\n    <\/div>\n  <\/div>\n  <div class=\"grid-container new-construction-grid-container new-constructions--fr\">\n            <select class=\"category-redirect-filter\" style=\"width: 25%;\">\n              <option value=\"https:\/\/arriv.machinedev.ca\/fr\/developpement\/planification-du-territoire\/\" selected>Planification du territoire<\/option>\n              <option value=\"https:\/\/arriv.machinedev.ca\/fr\/developpement\/conception\/\" >Conception<\/option>\n              <option value=\"https:\/\/arriv.machinedev.ca\/fr\/developpement\/en-construction\/\" >En construction<\/option>\n          <\/select>\n      <\/div>\n  <div class=\"grid-container new-construction-grid-container\" data-och-grid data-arriv-category=\"land-development\" data-single-page=\"https:\/\/arriv.machinedev.ca\/fr\/details-de-construction\/\" data-language=\"fr\">\n    \n  <\/div>\n<\/section>\n","protected":false},"excerpt":{"rendered":"","protected":false},"author":11,"featured_media":13322,"parent":13083,"menu_order":17,"comment_status":"closed","ping_status":"closed","template":"","meta":{"_acf_changed":false,"footnotes":""},"class_list":["post-13216","page","type-page","status-publish","has-post-thumbnail","hentry"],"acf":[],"_links":{"self":[{"href":"https:\/\/arriv.machinedev.ca\/fr\/wp-json\/wp\/v2\/pages\/13216","targetHints":{"allow":["GET"]}}],"collection":[{"href":"https:\/\/arriv.machinedev.ca\/fr\/wp-json\/wp\/v2\/pages"}],"about":[{"href":"https:\/\/arriv.machinedev.ca\/fr\/wp-json\/wp\/v2\/types\/page"}],"author":[{"embeddable":true,"href":"https:\/\/arriv.machinedev.ca\/fr\/wp-json\/wp\/v2\/users\/11"}],"replies":[{"embeddable":true,"href":"https:\/\/arriv.machinedev.ca\/fr\/wp-json\/wp\/v2\/comments?post=13216"}],"version-history":[{"count":4,"href":"https:\/\/arriv.machinedev.ca\/fr\/wp-json\/wp\/v2\/pages\/13216\/revisions"}],"predecessor-version":[{"id":13332,"href":"https:\/\/arriv.machinedev.ca\/fr\/wp-json\/wp\/v2\/pages\/13216\/revisions\/13332"}],"up":[{"embeddable":true,"href":"https:\/\/arriv.machinedev.ca\/fr\/wp-json\/wp\/v2\/pages\/13083"}],"wp:featuredmedia":[{"embeddable":true,"href":"https:\/\/arriv.machinedev.ca\/fr\/wp-json\/wp\/v2\/media\/13322"}],"wp:attachment":[{"href":"https:\/\/arriv.machinedev.ca\/fr\/wp-json\/wp\/v2\/media?parent=13216"}],"curies":[{"name":"wp","href":"https:\/\/api.w.org\/{rel}","templated":true}]}}