{"id":13165,"date":"2023-10-27T13:22:19","date_gmt":"2023-10-27T17:22:19","guid":{"rendered":"https:\/\/arriv.machinedev.ca\/?page_id=13165"},"modified":"2024-03-08T19:54:59","modified_gmt":"2024-03-09T00:54:59","slug":"trouver-un-logement","status":"publish","type":"page","link":"https:\/\/arriv.machinedev.ca\/fr\/trouver-un-logement\/","title":{"rendered":"TROUVER UN LOGEMENT"},"content":{"rendered":"\n<section class=\"section section--text-block alignfull\" >\n  <div class=\"grid-container\">\n    <div class=\"grid-x grid-padding-x align-middle align-center\">\n      <div class=\"cell text-center\">\n                              <h1>LOUER AVEC PROPRI\u00c9T\u00c9S ARRIV<\/h1>\n                                            <div class=\"large\">\n            <p><strong>Propri\u00e9t\u00e9s ARRIV<\/strong> repr\u00e9sente un nouveau concept sur le march\u00e9 locatif d&rsquo;Ottawa.<\/p>\n<p>Face \u00e0 la p\u00e9nurie croissante de logements locatifs abordables dans la ville, ARRIV comble un besoin en offrant des logements abordables de qualit\u00e9 : des appartements et des maisons de ville \u00e0 des prix abordables pour les m\u00e9nages \u00e0 revenus mod\u00e9r\u00e9s.<\/p>\n          <\/div>\n                      <\/div>\n    <\/div>\n  <\/div>\n<\/section>\n\n\n\n<section class=\"section section--image-callouts alignfull bg-white\" >\n  <div class=\"grid-container text-center\">\n                <div class=\"grid-x grid-padding-x align-center\">\n                      <div class=\"cell medium-6 large-3 text-center\">\n                <div class=\"callout-image-wrapper callout-image-wrapper--short\">\n                  <div class=\"callout-image-wrapper--image\" style=\"background-image: url(https:\/\/arriv.machinedev.ca\/wp-content\/uploads\/2023\/11\/OCH_exterior_1_web-1024x731.jpg); background-size: cover; background-position: top center;\"><\/div>\n                                      <a href=\"https:\/\/mosaiqottawa.ca\/fr\/\" target=\"_blank\"><span class=\"show-for-sr\"><\/span><\/a>\n                                    <div class=\"callout-overlay\"><\/div>\n                                      <h3>MOSA\u00cfQ OTTAWA<\/h3>\n                                  <\/div>\n                                  <p>Situ\u00e9e dans le centre-ville, la phase 1 de 3 propose 148 appartements et maisons de ville \u00e0 partir de <br>1 026 $ \/ mois. Ouvert depuis 2020.<\/br><\/p>\n                                                \t<a class=\"button \" href=\"https:\/\/mosaiqottawa.ca\/fr\/\" target=\"_blank\">Visitez mosaiqottawa.ca maintenant <\/a>\n                               \n              <\/div>\n                            <div class=\"cell medium-6 large-3 text-center\">\n                <div class=\"callout-image-wrapper callout-image-wrapper--short\">\n                  <div class=\"callout-image-wrapper--image\" style=\"background-image: url(https:\/\/arriv.machinedev.ca\/wp-content\/uploads\/2024\/03\/Mikinak-March-6-1024x597.jpg); background-size: cover; background-position: top center;\"><\/div>\n                                      <a href=\"https:\/\/mikinak.ca\/fr\/\" target=\"_blank\"><span class=\"show-for-sr\">Visit Mikinak <\/span><\/a>\n                                    <div class=\"callout-overlay\"><\/div>\n                                      <h3>MIKIN\u00c0K<\/h3>\n                                  <\/div>\n                                  <p>Situ\u00e9e dans Rideau-Rockcliffe, cette communaut\u00e9 offre 271 appartments \u00e0 partir de 1 022 $ \/ mois. Ouvert depuis 2024.   <\/p>\n                                                \t<a class=\"button \" href=\"https:\/\/mikinak.ca\/fr\/\" target=\"_blank\">Visitez mikinak.ca maintenant <\/a>\n                               \n              <\/div>\n                            <div class=\"cell medium-6 large-3 text-center\">\n                <div class=\"callout-image-wrapper callout-image-wrapper--short\">\n                  <div class=\"callout-image-wrapper--image\" style=\"background-image: url(https:\/\/arriv.machinedev.ca\/wp-content\/uploads\/2024\/02\/common-at-zibi-ottawa-on-building-photo.jpg); background-size: cover; background-position: top center;\"><\/div>\n                                      <a href=\"https:\/\/www.och-lco.ca\/construction\/zibi\/\" target=\"_blank\"><span class=\"show-for-sr\"><\/span><\/a>\n                                    <div class=\"callout-overlay\"><\/div>\n                                      <h3>COMMON PAR ZIBI<\/h3>\n                                  <\/div>\n                                  <p>Propri\u00e9t\u00e9s ARRIV\/OCH s&rsquo;est associ\u00e9 avec COMMON et Zibi pour offrir 19 appartments \u00e0 partir de ____ $. Disponible au printemps 2024. <\/p>\n                                                \t<a class=\"button \" href=\"https:\/\/www.och-lco.ca\/construction\/zibi\/\" target=\"_blank\">Visitez Common par Zibi maintenant <\/a>\n                               \n              <\/div>\n                            <div class=\"cell medium-6 large-3 text-center\">\n                <div class=\"callout-image-wrapper callout-image-wrapper--short\">\n                  <div class=\"callout-image-wrapper--image\" style=\"background-image: url(https:\/\/arriv.machinedev.ca\/wp-content\/uploads\/2024\/03\/AdobeStock_148362712-scaled.jpeg); background-size: cover; background-position: top center;\"><\/div>\n                                      <a href=\"https:\/\/mikinak.us2.list-manage.com\/subscribe?u=3d3cd1d001209b445ab74b83f&#038;id=f550b77ed6\" target=\"_blank\"><span class=\"show-for-sr\"><\/span><\/a>\n                                    <div class=\"callout-overlay\"><\/div>\n                                  <\/div>\n                                  <p>Joignez-vous \u00e0 notre liste d&rsquo;envoi,  <br>\r\net recevez des mises-\u00e0-jour  <br>\r\npar courriel <\/p>\n                                                \t<a class=\"button \" href=\"https:\/\/mikinak.us2.list-manage.com\/subscribe?u=3d3cd1d001209b445ab74b83f&#038;id=f550b77ed6\" target=\"_blank\">INSCRIVEZ-VOUS MAINTENANT <\/a>\n                               \n              <\/div>\n                        <\/div>\n            <\/div>\n<\/section>\n\n\n\n<section class=\"section section--image-callouts alignfull bg-white\" >\n  <div class=\"grid-container text-center\">\n                <div class=\"grid-x grid-padding-x align-center\">\n                      <div class=\"cell medium-6 text-center\">\n                <div class=\"callout-image-wrapper callout-image-wrapper--short\">\n                  <div class=\"callout-image-wrapper--image\" style=\"background-image: url(https:\/\/arriv.machinedev.ca\/wp-content\/uploads\/2024\/02\/Chestertoncommunity.png); background-size: cover; background-position: top center;\"><\/div>\n                                      <a href=\"https:\/\/www.och-lco.ca\/fr\/construction\/communaute-chesterton-bowhill\/\" target=\"_blank\"><span class=\"show-for-sr\"><\/span><\/a>\n                                    <div class=\"callout-overlay\"><\/div>\n                                      <h3>CHESTERTON <\/h3>\n                                  <\/div>\n                                  <p>Construite en 1968-69, la communaut\u00e9 de Chesterton comprend <br>154 maisons en rang\u00e9e de trois chambres et 35 maisons en rang\u00e9e <br>de quatre chambres sur 13 acres de terrain.<\/p>\n                                                \t<a class=\"button \" href=\"https:\/\/www.och-lco.ca\/fr\/construction\/communaute-chesterton-bowhill\/\" target=\"_blank\">Obtenir de l&#039;information \u00e0 propos de Chesterton <\/a>\n                               \n              <\/div>\n                            <div class=\"cell medium-6 text-center\">\n                <div class=\"callout-image-wrapper callout-image-wrapper--short\">\n                  <div class=\"callout-image-wrapper--image\" style=\"background-image: url(https:\/\/arriv.machinedev.ca\/wp-content\/uploads\/2024\/02\/Tanglewood-unit-1024x272.png); background-size: cover; background-position: top center;\"><\/div>\n                                      <a href=\"https:\/\/www.och-lco.ca\/fr\/construction\/communaute-tanglewood\/\" target=\"_blank\"><span class=\"show-for-sr\"><\/span><\/a>\n                                    <div class=\"callout-overlay\"><\/div>\n                                      <h3>TANGLEWOOD ESTATES<\/h3>\n                                  <\/div>\n                                  <p>Construite en 1975, la communaut\u00e9 de Tanglewood <br>comprend 122 maisons de trois chambres situ\u00e9es <br>sur environ huit acres de terrain.<\/p>\n                                                \t<a class=\"button \" href=\"https:\/\/www.och-lco.ca\/fr\/construction\/communaute-tanglewood\/\" target=\"_blank\">Obtenir de l&#039;information \u00e0 propos de Tanglewood Estates <\/a>\n                               \n              <\/div>\n                        <\/div>\n            <\/div>\n<\/section>\n\n\n\n<section class=\"section section--image-callouts alignfull bg-green\" >\n  <div class=\"grid-container text-center\">\n                <div class=\"grid-x grid-padding-x align-center\">\n                      <div class=\"cell medium-6 large-4 text-center\">\n                <div class=\"callout-image-wrapper \">\n                  <div class=\"callout-image-wrapper--image\" style=\"background-image: url(https:\/\/arriv.machinedev.ca\/wp-content\/uploads\/2023\/12\/ARRIV-BRAND-GUIDELINES_Avatar-ARRIV.png); background-size: cover; background-position: top center;\"><\/div>\n                                      <a href=\"https:\/\/arriv.machinedev.ca\/fr\/arriv-chez-moi\/\" target=\"_blank\"><span class=\"show-for-sr\">ARRIV Chez-moi<\/span><\/a>\n                                    <div class=\"callout-overlay\"><\/div>\n                                      <h3>ARRIV CHEZ-MOI<\/h3>\n                                  <\/div>\n                                  <p>Explorez les b\u00e2timents et les projets <br>sur lequel nous travaillons.<\/br><\/p>\n                                                \t<a class=\"button button-light\" href=\"https:\/\/arriv.machinedev.ca\/fr\/arriv-chez-moi\/\" target=\"_blank\">INSCRIVEZ-VOUS MAINTENANT <\/a>\n                               \n              <\/div>\n                            <div class=\"cell medium-6 large-4 text-center\">\n                <div class=\"callout-image-wrapper \">\n                  <div class=\"callout-image-wrapper--image\" style=\"background-image: url(https:\/\/arriv.machinedev.ca\/wp-content\/uploads\/2024\/03\/AdobeStock_419066419-scaled.jpeg); background-size: cover; background-position: top center;\"><\/div>\n                                      <a href=\"https:\/\/arriv.machinedev.ca\/fr\/ressources-pour-locataires\/\" target=\"_self\"><span class=\"show-for-sr\">Ressources pour locataires<\/span><\/a>\n                                    <div class=\"callout-overlay\"><\/div>\n                                      <h3>RESSOURCES POUR LES LOCATAIRES<\/h3>\n                                  <\/div>\n                                  <p>Vous cherchez un formulaire <BR> ou un document ?<\/BR><\/p>\n                                                \t<a class=\"button button-light\" href=\"https:\/\/arriv.machinedev.ca\/fr\/ressources-pour-locataires\/\" target=\"_self\">T\u00c9L\u00c9CHARGEZ-LES ICI <\/a>\n                               \n              <\/div>\n                            <div class=\"cell medium-6 large-4 text-center\">\n                <div class=\"callout-image-wrapper \">\n                  <div class=\"callout-image-wrapper--image\" style=\"background-image: url(https:\/\/arriv.machinedev.ca\/wp-content\/uploads\/2024\/01\/C-Living-2_300dpi-1024x687.jpg); background-size: cover; background-position: top center;\"><\/div>\n                                      <a href=\"https:\/\/mikinak.us2.list-manage.com\/subscribe?u=3d3cd1d001209b445ab74b83f&#038;id=f550b77ed6\" target=\"_blank\"><span class=\"show-for-sr\"><\/span><\/a>\n                                    <div class=\"callout-overlay\"><\/div>\n                                      <h3>VOUS CHERCHEZ UN LOGEMENT ?<\/h3>\n                                  <\/div>\n                                  <p>D\u00e9couvrez les nouvelles communaut\u00e9s <br>ARRIV disponible.<\/br><\/p>\n                                                \t<a class=\"button button-light\" href=\"https:\/\/mikinak.us2.list-manage.com\/subscribe?u=3d3cd1d001209b445ab74b83f&#038;id=f550b77ed6\" target=\"_blank\">S&#039;INSCRIRE \u00c0 LA LISTE DE COURRIEL <\/a>\n                               \n              <\/div>\n                        <\/div>\n            <\/div>\n<\/section>\n\n\n\n<div class=\"wp-block-group alignfull is-layout-constrained wp-block-group-is-layout-constrained\"><\/div>\n\n\n\n<div style=\"height:70px\" aria-hidden=\"true\" class=\"wp-block-spacer\"><\/div>\n","protected":false},"excerpt":{"rendered":"","protected":false},"author":11,"featured_media":12586,"parent":0,"menu_order":11,"comment_status":"closed","ping_status":"closed","template":"","meta":{"_acf_changed":false,"footnotes":""},"class_list":["post-13165","page","type-page","status-publish","has-post-thumbnail","hentry"],"acf":[],"_links":{"self":[{"href":"https:\/\/arriv.machinedev.ca\/fr\/wp-json\/wp\/v2\/pages\/13165","targetHints":{"allow":["GET"]}}],"collection":[{"href":"https:\/\/arriv.machinedev.ca\/fr\/wp-json\/wp\/v2\/pages"}],"about":[{"href":"https:\/\/arriv.machinedev.ca\/fr\/wp-json\/wp\/v2\/types\/page"}],"author":[{"embeddable":true,"href":"https:\/\/arriv.machinedev.ca\/fr\/wp-json\/wp\/v2\/users\/11"}],"replies":[{"embeddable":true,"href":"https:\/\/arriv.machinedev.ca\/fr\/wp-json\/wp\/v2\/comments?post=13165"}],"version-history":[{"count":8,"href":"https:\/\/arriv.machinedev.ca\/fr\/wp-json\/wp\/v2\/pages\/13165\/revisions"}],"predecessor-version":[{"id":13612,"href":"https:\/\/arriv.machinedev.ca\/fr\/wp-json\/wp\/v2\/pages\/13165\/revisions\/13612"}],"wp:featuredmedia":[{"embeddable":true,"href":"https:\/\/arriv.machinedev.ca\/fr\/wp-json\/wp\/v2\/media\/12586"}],"wp:attachment":[{"href":"https:\/\/arriv.machinedev.ca\/fr\/wp-json\/wp\/v2\/media?parent=13165"}],"curies":[{"name":"wp","href":"https:\/\/api.w.org\/{rel}","templated":true}]}}