{"id":13159,"date":"2023-10-27T13:22:55","date_gmt":"2023-10-27T17:22:55","guid":{"rendered":"https:\/\/arriv.machinedev.ca\/?page_id=13159"},"modified":"2024-03-05T09:44:07","modified_gmt":"2024-03-05T14:44:07","slug":"faire-affaires-avec-arriv","status":"publish","type":"page","link":"https:\/\/arriv.machinedev.ca\/fr\/faire-affaires-avec-arriv\/","title":{"rendered":"FAIRE AFFAIRES AVEC ARRIV"},"content":{"rendered":"\n<section class=\"section section--impact-area alignfull\" >\n  <div class=\"grid-container full fade-up-and-in\">\n    <div class=\"grid-x\">\n      <div class=\"cell medium-6\">\n                  <div class=\"impact-cell-inner text\">\n                          <h1>Approvisionnement<\/h1>\n                                              <\/div>\n              <\/div>\n      <div class=\"cell medium-6\">\n                            <div class=\"impact-cell-inner image\">\n            <div class=\"impact-image\" style=\"background-image: url(https:\/\/arriv.machinedev.ca\/wp-content\/uploads\/2023\/02\/bigstock-Handshake-95846351-1024x684-1.jpg); background-position: center center; background-size: cover; background-repeat: no-repeat;\"><\/div>\n          <\/div>\n                        <\/div>\n    <\/div>\n  <\/div>\n<\/section>\n\n\n\n<section class=\"section section--text-block alignfull\" >\n  <div class=\"grid-container\">\n    <div class=\"grid-x grid-padding-x align-middle align-center\">\n      <div class=\"cell text-center\">\n                          <h3>Notre organisation suit un processus d&rsquo;approvisionnement de march\u00e9s publics ouvert et impartial. Dans la plupart des cas, nous embauchons un entrepreneur g\u00e9n\u00e9ral ou une entreprise de gestion de construction par le biais d\u2019un appel d\u2019offres ou d\u2019une demande de proposition aupr\u00e8s d\u2019une liste d\u2019entreprises pr\u00e9-approuv\u00e9es. Cette liste est actualis\u00e9e p\u00e9riodiquement gr\u00e2ce \u00e0 un processus public transparent.<\/h3>\n                              <\/div>\n    <\/div>\n  <\/div>\n<\/section>\n\n\n\n<section class=\"section section--text-block alignfull\" >\n  <div class=\"grid-container\">\n    <div class=\"grid-x grid-padding-x align-middle \">\n      <div class=\"cell text-left\">\n                              <h1>Entrepreneurs et fournisseurs<\/h1>\n                                    <h3>LCO\/ARRIV utilise MERX pour informer les entreprises des appels d\u2019offres publics.<\/h3>\n                          <div >\n            <p>LCO\/ARRIV publie ses appels d\u2019offres sur\u00a0Merx.\u00a0Si vous souhaitez recevoir les avis sur nos appels d\u2019offres et autres offres de contrat pour les entrepreneurs et les fournisseurs, nous vous encourageons \u00e0 vous inscrire\u00a0au service d\u2019appels d\u2019offres en ligne de Merx.<\/p>\n<p>Conform\u00e9ment \u00e0 la Politique d\u2019approvisionnement de LCO\/ARRIV, les sollicitations de propositions :<\/p>\n<ul>\n<li>ayant une valeur sup\u00e9rieure \u00e0 50\u00a0000\u00a0$ font l\u2019objet d\u2019un appel d\u2019offres public en ligne, g\u00e9n\u00e9ralement par l\u2019entremise de\u00a0<a href=\"https:\/\/www.merx.com\/?language=FR\" target=\"_blank\" rel=\"noopener\">Merx<\/a>;<\/li>\n<li>ayant une valeur inf\u00e9rieure \u00e0 50\u00a0000\u00a0$ sont attribu\u00e9es de diff\u00e9rentes fa\u00e7ons.<\/li>\n<\/ul>\n<p>Pour de plus amples renseignements sur nos appels d\u2019offre, veuillez communiquez avec nous par courriel \u00e0 :\u202f<a href=\"mailto:info@arriv.ca\">info@arriv.ca<\/a><\/p>\n<p>Si vous n\u2019\u00eates pas un fournisseur inscrit aupr\u00e8s de LCO, mais que vous souhaitez le devenir, veuillez communiquez avec nous par courriel \u00e0 <a href=\"mailto:info@arriv.ca\">info@arriv.ca<\/a><\/p>\n<p>&nbsp;<\/p>\n          <\/div>\n                          \t<a class=\"button\" href=\"https:\/\/www.merx.com\/public\/solicitations\/open?keywords=ottawa%20community%20housing&#038;language=FR\" target=\"_blank\">ALLER \u00c0 MERX<\/a>\n              <\/div>\n    <\/div>\n  <\/div>\n<\/section>\n\n\n\n<div style=\"height:50px\" aria-hidden=\"true\" class=\"wp-block-spacer\"><\/div>\n","protected":false},"excerpt":{"rendered":"","protected":false},"author":11,"featured_media":6413,"parent":0,"menu_order":9,"comment_status":"closed","ping_status":"closed","template":"","meta":{"_acf_changed":false,"footnotes":""},"class_list":["post-13159","page","type-page","status-publish","has-post-thumbnail","hentry"],"acf":[],"_links":{"self":[{"href":"https:\/\/arriv.machinedev.ca\/fr\/wp-json\/wp\/v2\/pages\/13159","targetHints":{"allow":["GET"]}}],"collection":[{"href":"https:\/\/arriv.machinedev.ca\/fr\/wp-json\/wp\/v2\/pages"}],"about":[{"href":"https:\/\/arriv.machinedev.ca\/fr\/wp-json\/wp\/v2\/types\/page"}],"author":[{"embeddable":true,"href":"https:\/\/arriv.machinedev.ca\/fr\/wp-json\/wp\/v2\/users\/11"}],"replies":[{"embeddable":true,"href":"https:\/\/arriv.machinedev.ca\/fr\/wp-json\/wp\/v2\/comments?post=13159"}],"version-history":[{"count":6,"href":"https:\/\/arriv.machinedev.ca\/fr\/wp-json\/wp\/v2\/pages\/13159\/revisions"}],"predecessor-version":[{"id":13365,"href":"https:\/\/arriv.machinedev.ca\/fr\/wp-json\/wp\/v2\/pages\/13159\/revisions\/13365"}],"wp:featuredmedia":[{"embeddable":true,"href":"https:\/\/arriv.machinedev.ca\/fr\/wp-json\/wp\/v2\/media\/6413"}],"wp:attachment":[{"href":"https:\/\/arriv.machinedev.ca\/fr\/wp-json\/wp\/v2\/media?parent=13159"}],"curies":[{"name":"wp","href":"https:\/\/api.w.org\/{rel}","templated":true}]}}