{"id":13083,"date":"2023-10-27T13:22:37","date_gmt":"2023-10-27T17:22:37","guid":{"rendered":"https:\/\/arriv.machinedev.ca\/development\/"},"modified":"2024-03-06T23:27:56","modified_gmt":"2024-03-07T04:27:56","slug":"developpement","status":"publish","type":"page","link":"https:\/\/arriv.machinedev.ca\/fr\/developpement\/","title":{"rendered":"D\u00c9VELOPPEMENT"},"content":{"rendered":"\n<section class=\"section section--text-block alignfull\" >\n  <div class=\"grid-container\">\n    <div class=\"grid-x grid-padding-x align-middle align-center\">\n      <div class=\"cell text-center\">\n                              <h1>STRAT\u00c9GIE DE D\u00c9VELOPPEMENT<\/h1>\n                                            <div class=\"large\">\n            <p>La strat\u00e9gie de d\u00e9veloppement de LCO\/ARRIV pr\u00e9sente des plans pour construire des logements plus abordables\u200b.<\/p>\n<p>ARRIV Properties, une banni\u00e8re g\u00e9r\u00e9 par la Soci\u00e9t\u00e9 de logement communautaire d&rsquo;Ottawa, favorise les opportunit\u00e9s d&rsquo;affaires avec une multitude de partenaires, de consultants et de commer\u00e7ants afin d&rsquo;offrir de nouveaux logements abordables \u00e0 Ottawa. ARRIV est un partenaire solide pour faire progresser l&rsquo;offre de logements abordables.<\/p>\n<p>&nbsp;<\/p>\n          <\/div>\n                      <\/div>\n    <\/div>\n  <\/div>\n<\/section>\n\n\n\n<section class=\"section section--image-callouts alignfull bg-white\" >\n  <div class=\"grid-container text-center\">\n                <div class=\"grid-x grid-padding-x align-center\">\n                      <div class=\"cell medium-6 large-3 text-center\">\n                <div class=\"callout-image-wrapper callout-image-wrapper--short\">\n                  <div class=\"callout-image-wrapper--image\" style=\"background-image: url(https:\/\/arriv.machinedev.ca\/wp-content\/uploads\/2024\/03\/gladstone_village-1024x576.jpg); background-size: cover; background-position: top center;\"><\/div>\n                                      <a href=\"https:\/\/arriv.machinedev.ca\/fr\/developpement\/planification-du-territoire\/\" target=\"_self\"><span class=\"show-for-sr\">Planification du territoire<\/span><\/a>\n                                    <div class=\"callout-overlay\"><\/div>\n                                      <h3>PLANIFICATION DU TERRITOIRE<\/h3>\n                                  <\/div>\n                                               \n              <\/div>\n                            <div class=\"cell medium-6 large-3 text-center\">\n                <div class=\"callout-image-wrapper callout-image-wrapper--short\">\n                  <div class=\"callout-image-wrapper--image\" style=\"background-image: url(https:\/\/arriv.machinedev.ca\/wp-content\/uploads\/2023\/10\/Screenshot-2023-10-27-at-3.12.43-PM-1024x565.png); background-size: cover; background-position: top center;\"><\/div>\n                                      <a href=\"https:\/\/arriv.machinedev.ca\/fr\/developpement\/conception\/\" target=\"_self\"><span class=\"show-for-sr\">Conception<\/span><\/a>\n                                    <div class=\"callout-overlay\"><\/div>\n                                      <h3>CONCEPTION<\/h3>\n                                  <\/div>\n                                               \n              <\/div>\n                            <div class=\"cell medium-6 large-3 text-center\">\n                <div class=\"callout-image-wrapper callout-image-wrapper--short\">\n                  <div class=\"callout-image-wrapper--image\" style=\"background-image: url(https:\/\/arriv.machinedev.ca\/wp-content\/uploads\/2023\/11\/20230927_111154-1024x768.jpg); background-size: cover; background-position: top center;\"><\/div>\n                                      <a href=\"https:\/\/arriv.machinedev.ca\/fr\/developpement\/en-construction\/\" target=\"_self\"><span class=\"show-for-sr\">En construction<\/span><\/a>\n                                    <div class=\"callout-overlay\"><\/div>\n                                      <h3>EN CONSTRUCTION<\/h3>\n                                  <\/div>\n                                               \n              <\/div>\n                            <div class=\"cell medium-6 large-3 text-center\">\n                <div class=\"callout-image-wrapper callout-image-wrapper--short\">\n                  <div class=\"callout-image-wrapper--image\" style=\"background-image: url(https:\/\/arriv.machinedev.ca\/wp-content\/uploads\/2023\/11\/OCH_exterior_1_web-1024x731.jpg); background-size: cover; background-position: top center;\"><\/div>\n                                      <a href=\"https:\/\/arriv.machinedev.ca\/fr\/trouver-un-logement\/\" target=\"_self\"><span class=\"show-for-sr\">TROUVER UN LOGEMENT<\/span><\/a>\n                                    <div class=\"callout-overlay\"><\/div>\n                                      <h3>NOUVELLES COMMUNAUT\u00c9S<\/h3>\n                                  <\/div>\n                                               \n              <\/div>\n                        <\/div>\n            <\/div>\n<\/section>\n\n\n\n<div style=\"height:52px\" aria-hidden=\"true\" class=\"wp-block-spacer\"><\/div>\n\n\n\n<section class=\"section section--accordion alignfull \" >\n  <div class=\"grid-container\">\n  \t\n  \t\t    <div class=\"grid-x grid-padding-x align-middle\">\n\t      \t\t      <div class=\"cell accortion-section-title\">\n\t\t      \t\t\t          <h2>PHASES D&rsquo;UN PROJET DE CONSTRUCTION<\/h2>\n\t\t        \t\t        \t\t      <\/div>\n\t      \t    <\/div>\n        \n        \n\t\t\t<ul class=\"accordion\" data-accordion data-allow-all-closed=\"true\">\n\t\t\t\t\t<li class=\"accordion-item\" data-accordion-item>\n\t\t\t   <a href=\"#\" class=\"accordion-title \">L&rsquo;ENGAGEMENT PUBLIC<\/a>\n\t\t\t   <div class=\"accordion-content\" data-tab-content>\n\t\t\t   \t\t\t  \t<p>Dans le cadre de ses projets, OCH\/ARRIV Properties m\u00e8nent un processus d&rsquo;engagement public, qui peut inclure des r\u00e9unions avec des organismes communautaires, des s\u00e9ances portes ouvertes et des consultations en ligne.<\/p>\n<p>Consultez les sites qui sont en <a href=\"https:\/\/arriv.machinedev.ca\/fr\/developpement\/conception\/\">cours de planification<\/a>.<\/p>\n\t\t\t   \t\t\t   <\/div>\n\t\t\t <\/li>\n\t\t\t\t\t\t<li class=\"accordion-item\" data-accordion-item>\n\t\t\t   <a href=\"#\" class=\"accordion-title \">APPROBATION DES PLANS<\/a>\n\t\t\t   <div class=\"accordion-content\" data-tab-content>\n\t\t\t   \t\t\t  \t<p>OCH\/ARRIV Properties appliquent un processus d&rsquo;engagement afin d&rsquo;\u00e9laborer un plan de d\u00e9veloppement de conception durable pour chaque immeuble. Le plan pr\u00e9voit notamment la construction de logements abordables et d&rsquo;espaces verts. Une fois le plan \u00e9tabli, il est soumis \u00e0 l&rsquo;examen et \u00e0 l&rsquo;approbation de la ville.<\/p>\n\t\t\t   \t\t\t   <\/div>\n\t\t\t <\/li>\n\t\t\t\t\t\t<li class=\"accordion-item\" data-accordion-item>\n\t\t\t   <a href=\"#\" class=\"accordion-title \">AM\u00c9LIORATIONS DU SITE<\/a>\n\t\t\t   <div class=\"accordion-content\" data-tab-content>\n\t\t\t   \t\t\t  \t<p>Une fois les autorisations re\u00e7ues, OCH\/ARRIV Properties proc\u00e8dent g\u00e9n\u00e9ralement \u00e0 la viabilisation et \u00e0 l&rsquo;am\u00e9lioration du site. D&rsquo;autres travaux peuvent inclure la d\u00e9molition de structures dangereuses et l&rsquo;installation d&rsquo;autres services municipaux tels que les \u00e9gouts et les lampadaires.<\/p>\n\t\t\t   \t\t\t   <\/div>\n\t\t\t <\/li>\n\t\t\t\t\t\t<li class=\"accordion-item\" data-accordion-item>\n\t\t\t   <a href=\"#\" class=\"accordion-title \">CONSTRUCTION<\/a>\n\t\t\t   <div class=\"accordion-content\" data-tab-content>\n\t\t\t   \t\t\t  \t<p>La phase de construction comprend la construction physique, l&rsquo;am\u00e9nagement paysager, la remise en \u00e9tat, le nettoyage du site et la d\u00e9molition.<\/p>\n<p>Consultez les sites actuellement en <a href=\"https:\/\/arriv.machinedev.ca\/fr\/developpement\/en-construction\/\">CONSTRUCTION<\/a><\/p>\n\t\t\t   \t\t\t   <\/div>\n\t\t\t <\/li>\n\t\t\t\t\t<\/ul>\n\t\t\t\n\t  <\/div>\n<\/section>\n","protected":false},"excerpt":{"rendered":"","protected":false},"author":11,"featured_media":12436,"parent":0,"menu_order":5,"comment_status":"closed","ping_status":"closed","template":"","meta":{"_acf_changed":false,"footnotes":""},"class_list":["post-13083","page","type-page","status-publish","has-post-thumbnail","hentry"],"acf":[],"_links":{"self":[{"href":"https:\/\/arriv.machinedev.ca\/fr\/wp-json\/wp\/v2\/pages\/13083","targetHints":{"allow":["GET"]}}],"collection":[{"href":"https:\/\/arriv.machinedev.ca\/fr\/wp-json\/wp\/v2\/pages"}],"about":[{"href":"https:\/\/arriv.machinedev.ca\/fr\/wp-json\/wp\/v2\/types\/page"}],"author":[{"embeddable":true,"href":"https:\/\/arriv.machinedev.ca\/fr\/wp-json\/wp\/v2\/users\/11"}],"replies":[{"embeddable":true,"href":"https:\/\/arriv.machinedev.ca\/fr\/wp-json\/wp\/v2\/comments?post=13083"}],"version-history":[{"count":6,"href":"https:\/\/arriv.machinedev.ca\/fr\/wp-json\/wp\/v2\/pages\/13083\/revisions"}],"predecessor-version":[{"id":13405,"href":"https:\/\/arriv.machinedev.ca\/fr\/wp-json\/wp\/v2\/pages\/13083\/revisions\/13405"}],"wp:featuredmedia":[{"embeddable":true,"href":"https:\/\/arriv.machinedev.ca\/fr\/wp-json\/wp\/v2\/media\/12436"}],"wp:attachment":[{"href":"https:\/\/arriv.machinedev.ca\/fr\/wp-json\/wp\/v2\/media?parent=13083"}],"curies":[{"name":"wp","href":"https:\/\/api.w.org\/{rel}","templated":true}]}}