{"id":1105,"date":"2022-10-11T16:16:26","date_gmt":"2022-10-11T20:16:26","guid":{"rendered":"https:\/\/och.machinedev.ca\/homepage\/"},"modified":"2024-02-27T14:24:53","modified_gmt":"2024-02-27T19:24:53","slug":"accueil","status":"publish","type":"page","link":"https:\/\/arriv.machinedev.ca\/fr\/","title":{"rendered":"Accueil"},"content":{"rendered":"\n<div style=\"height:57px\" aria-hidden=\"true\" class=\"wp-block-spacer\"><\/div>\n\n\n\n<section class=\"section section--impact-area alignfull\" >\n  <div class=\"grid-container full fade-up-and-in\">\n    <div class=\"grid-x\">\n      <div class=\"cell medium-6\">\n                            <div class=\"impact-cell-inner image\">\n            <div class=\"impact-image\" style=\"background-image: url(https:\/\/arriv.machinedev.ca\/wp-content\/uploads\/2024\/01\/C-Living-2_300dpi-1920x1288.jpg); background-position: center center; background-size: cover; background-repeat: no-repeat;\"><\/div>\n          <\/div>\n                        <\/div>\n      <div class=\"cell medium-6\">\n                  <div class=\"impact-cell-inner text\">\n                          <h1>LOGEMENTS ABORDABLES \u00c0 OTTAWA<\/h1>\n                                                \t<a class=\"button button-light\" href=\"https:\/\/arriv.machinedev.ca\/fr\/trouver-un-logement\/\" target=\"_self\">VOIR NOS COMMUNAUT\u00c9S<\/a>\n                      <\/div>\n              <\/div>\n    <\/div>\n  <\/div>\n<\/section>\n\n\n\n<section class=\"section section--image-callouts alignfull bg-greige\" >\n  <div class=\"grid-container text-center\">\n                <div class=\"grid-x grid-padding-x align-center\">\n                      <div class=\"cell medium-6 large-4 text-center\">\n                <div class=\"callout-image-wrapper \">\n                  <div class=\"callout-image-wrapper--image\" style=\"background-image: url(https:\/\/arriv.machinedev.ca\/wp-content\/uploads\/2024\/01\/OCH_exterior_2_web-1024x731.jpg); background-size: cover; background-position: top center;\"><\/div>\n                                      <a href=\"https:\/\/arriv.machinedev.ca\/fr\/trouver-un-logement\/\" target=\"_self\"><span class=\"show-for-sr\">TROUVER UN LOGEMENT<\/span><\/a>\n                                    <div class=\"callout-overlay\"><\/div>\n                                      <h3>TROUVER UN LOGEMENT<\/h3>\n                                  <\/div>\n                                  <p>Vous cherchez un appartement \u00e0 louer ? D\u00e9couvrez les nouvelles communaut\u00e9s d&rsquo;ARRIV.<\/p>\n                                                \t<a class=\"button \" href=\"https:\/\/arriv.machinedev.ca\/fr\/trouver-un-logement\/\" target=\"_self\">D\u00c9COUVREZ NOS COMMUNAUT\u00c9S <\/a>\n                               \n              <\/div>\n                            <div class=\"cell medium-6 large-4 text-center\">\n                <div class=\"callout-image-wrapper \">\n                  <div class=\"callout-image-wrapper--image\" style=\"background-image: url(https:\/\/arriv.machinedev.ca\/wp-content\/uploads\/2024\/01\/OCH_Mikinak_Photo_15.jpg); background-size: cover; background-position: top center;\"><\/div>\n                                      <a href=\"https:\/\/arriv.machinedev.ca\/fr\/developpement\/\" target=\"_self\"><span class=\"show-for-sr\">D\u00c9VELOPPEMENT<\/span><\/a>\n                                    <div class=\"callout-overlay\"><\/div>\n                                      <h3>D\u00c9VELOPPEMENT<\/h3>\n                                  <\/div>\n                                  <p>D\u00e9couvrez notre strat\u00e9gie de d\u00e9veloppement de logement abordables dans la r\u00e9gion d&rsquo;Ottawa.<\/p>\n                                                \t<a class=\"button \" href=\"https:\/\/arriv.machinedev.ca\/fr\/developpement\/\" target=\"_self\">EN SAVOIR PLUS <\/a>\n                               \n              <\/div>\n                            <div class=\"cell medium-6 large-4 text-center\">\n                <div class=\"callout-image-wrapper \">\n                  <div class=\"callout-image-wrapper--image\" style=\"background-image: url(https:\/\/arriv.machinedev.ca\/wp-content\/uploads\/2024\/02\/AdobeStock_691801731-1024x353.jpeg); background-size: cover; background-position: top center;\"><\/div>\n                                      <a href=\"https:\/\/arriv.machinedev.ca\/fr\/faire-affaires-avec-arriv\/\" target=\"_self\"><span class=\"show-for-sr\">FAIRE AFFAIRES AVEC ARRIV<\/span><\/a>\n                                    <div class=\"callout-overlay\"><\/div>\n                                      <h3>FAIRE AFFAIRE AVEC ARRIV<\/h3>\n                                  <\/div>\n                                  <p>Vous souhaitez vous associer avec les Propri\u00e9t\u00e9s ARRIV ? D\u00e9couvrez comment ici.<\/p>\n                                                \t<a class=\"button \" href=\"https:\/\/arriv.machinedev.ca\/fr\/faire-affaires-avec-arriv\/\" target=\"_self\">COMMENT DEVENIR PARTENAIRE <\/a>\n                               \n              <\/div>\n                        <\/div>\n            <\/div>\n<\/section>\n\n\n\n<section class=\"section section--text-block alignfull\" >\n  <div class=\"grid-container\">\n    <div class=\"grid-x grid-padding-x align-middle align-center\">\n      <div class=\"cell text-center\">\n                              <h2>Propri\u00e9t\u00e9s ARRIV &#8211; Le plus grand fournisseur de maisons s\u00e9curitaires et abordables \u00e0 Ottawa.<\/h2>\n                                                    \t<a class=\"button\" href=\"https:\/\/arriv.machinedev.ca\/fr\/a-propos-arriv\/\" target=\"_self\">EN SAVOIR PLUS<\/a>\n              <\/div>\n    <\/div>\n  <\/div>\n<\/section>\n","protected":false},"excerpt":{"rendered":"","protected":false},"author":2,"featured_media":12436,"parent":0,"menu_order":18,"comment_status":"closed","ping_status":"closed","template":"","meta":{"_acf_changed":false,"footnotes":""},"class_list":["post-1105","page","type-page","status-publish","has-post-thumbnail","hentry"],"acf":[],"_links":{"self":[{"href":"https:\/\/arriv.machinedev.ca\/fr\/wp-json\/wp\/v2\/pages\/1105","targetHints":{"allow":["GET"]}}],"collection":[{"href":"https:\/\/arriv.machinedev.ca\/fr\/wp-json\/wp\/v2\/pages"}],"about":[{"href":"https:\/\/arriv.machinedev.ca\/fr\/wp-json\/wp\/v2\/types\/page"}],"author":[{"embeddable":true,"href":"https:\/\/arriv.machinedev.ca\/fr\/wp-json\/wp\/v2\/users\/2"}],"replies":[{"embeddable":true,"href":"https:\/\/arriv.machinedev.ca\/fr\/wp-json\/wp\/v2\/comments?post=1105"}],"version-history":[{"count":6,"href":"https:\/\/arriv.machinedev.ca\/fr\/wp-json\/wp\/v2\/pages\/1105\/revisions"}],"predecessor-version":[{"id":13299,"href":"https:\/\/arriv.machinedev.ca\/fr\/wp-json\/wp\/v2\/pages\/1105\/revisions\/13299"}],"wp:featuredmedia":[{"embeddable":true,"href":"https:\/\/arriv.machinedev.ca\/fr\/wp-json\/wp\/v2\/media\/12436"}],"wp:attachment":[{"href":"https:\/\/arriv.machinedev.ca\/fr\/wp-json\/wp\/v2\/media?parent=1105"}],"curies":[{"name":"wp","href":"https:\/\/api.w.org\/{rel}","templated":true}]}}